{"id":290,"date":"2018-02-22T00:00:00","date_gmt":"2018-02-22T00:00:00","guid":{"rendered":"http:\/\/marcadet.fr\/blob\/?page_id=290"},"modified":"2018-02-22T00:00:00","modified_gmt":"2018-02-22T00:00:00","slug":"awpcp","status":"publish","type":"page","link":"http:\/\/marcadet.fr\/blob\/?page_id=290","title":{"rendered":"<span class=\"caps\">AWPCP<\/span>"},"content":{"rendered":"<div id=\"classiwrapper\"><div class=\"uiwelcome\">Vous cher\u00adchez un emploi ? Un appar\u00adte\u00adment ? La voi\u00adture de vos r\u00eaves ou un aspi\u00adra\u00adteur ? Par\u00adcou\u00adrez nos petites annonces. Vous ven\u00addez un g\u00e9ra\u00adnium, des boules de p\u00e9tanque ou le trac\u00adteur de votre oncle ? N\u2019h\u00e9sitez pas \u00e0 d\u00e9po\u00adser une annonce sur notre&nbsp;site&nbsp;!<\/div><div class=\"awpcp-classifieds-search-bar\" data-breakpoints=\"{&quot;tiny&quot;: [0,450]}\" data-breakpoints-class-prefix=\"awpcp-classifieds-search-bar\">\n    <form action=\"http:\/\/marcadet.fr\/blob\/?page_id=297\" method=\"get\">\n                    <input type=\"hidden\" name=\"page_id\" value=\"297\">\n                <input type=\"hidden\" name=\"awpcp-step\" value=\"dosearch\">\n        <div class=\"awpcp-classifieds-search-bar--query-field\">\n            <label class=\"screen-reader-text\" for=\"awpcp-search-query-field\">Recher\u00adcher:<\/label>\n            <input id=\"awpcp-search-query-field\" type=\"text\" name=\"keywordphrase\">\n        <\/div>\n        <div class=\"awpcp-classifieds-search-bar--submit-button\">\n            <input class=\"button\" type=\"submit\" value=\"Recherche\">\n        <\/div>\n        <div class=\"awpcp-classifieds-search-bar--advanced-search-link\"><a href=\"http:\/\/marcadet.fr\/blob\/?page_id=297\">Recherche avan\u00adc\u00e9e <\/a><\/div>\n    <\/form>\n<\/div>\n<ul class=\"awpcp-classifieds-menu awpcp-clearfix\" data-breakpoints=\"{&quot;tiny&quot;: [0,400], &quot;small&quot;: [400,500]}\" data-breakpoints-class-prefix=\"awpcp-classifieds-menu\">\n    <li class=\"awpcp-classifieds-menu--menu-item awpcp-classifieds-menu--post-listing-menu-item\">\n        <a class=\"awpcp-classifieds-menu--menu-item-link button\" href=\"http:\/\/marcadet.fr\/blob\/?page_id=294\">Place Ad<\/a>\n    <\/li>\n    <li class=\"awpcp-classifieds-menu--menu-item awpcp-classifieds-menu--edit-listing-menu-item\">\n        <a class=\"awpcp-classifieds-menu--menu-item-link button\" href=\"http:\/\/marcadet.fr\/blob\/?page_id=293\">Edit Ad<\/a>\n    <\/li>\n    <li class=\"awpcp-classifieds-menu--menu-item awpcp-classifieds-menu--browse-listings-menu-item\">\n        <a class=\"awpcp-classifieds-menu--menu-item-link button\" href=\"http:\/\/marcadet.fr\/blob\/?page_id=296\">Browse Ads<\/a>\n    <\/li>\n    <li class=\"awpcp-classifieds-menu--menu-item awpcp-classifieds-menu--search-listings-menu-item\">\n        <a class=\"awpcp-classifieds-menu--menu-item-link button\" href=\"http:\/\/marcadet.fr\/blob\/?page_id=297\">Search Ads<\/a>\n    <\/li>\n<\/ul>\n<div class=\"classifiedcats\"><div id=\"awpcpcatlayout\" class=\"awpcp-categories-list\"><ul class=\"top-level-categories showcategoriesmainlist clearfix\"><li class=\"columns-2\"><p class=\"top-level-category maincategoryclass\"><a class=\"toplevelitem\" href=\"http:\/\/marcadet.fr\/blob\/?page_id=296&amp;awpcp_category_id=23\">G\u00e9n\u00e9\u00adraux<\/a> (0)<\/p><\/li><\/ul><\/div><div class=\"fixfloat\"><\/div><\/div><\/div>\n","protected":false},"excerpt":{"rendered":"","protected":false},"author":1,"featured_media":0,"parent":0,"menu_order":0,"comment_status":"closed","ping_status":"closed","template":"","meta":{"wp_typography_post_enhancements_disabled":false,"spay_email":""},"jetpack_shortlink":"https:\/\/wp.me\/PMCnZ-4G","jetpack_sharing_enabled":true,"_links":{"self":[{"href":"http:\/\/marcadet.fr\/blob\/index.php?rest_route=\/wp\/v2\/pages\/290"}],"collection":[{"href":"http:\/\/marcadet.fr\/blob\/index.php?rest_route=\/wp\/v2\/pages"}],"about":[{"href":"http:\/\/marcadet.fr\/blob\/index.php?rest_route=\/wp\/v2\/types\/page"}],"author":[{"embeddable":true,"href":"http:\/\/marcadet.fr\/blob\/index.php?rest_route=\/wp\/v2\/users\/1"}],"replies":[{"embeddable":true,"href":"http:\/\/marcadet.fr\/blob\/index.php?rest_route=%2Fwp%2Fv2%2Fcomments&post=290"}],"version-history":[{"count":0,"href":"http:\/\/marcadet.fr\/blob\/index.php?rest_route=\/wp\/v2\/pages\/290\/revisions"}],"wp:attachment":[{"href":"http:\/\/marcadet.fr\/blob\/index.php?rest_route=%2Fwp%2Fv2%2Fmedia&parent=290"}],"curies":[{"name":"wp","href":"https:\/\/api.w.org\/{rel}","templated":true}]}}